{"id":25103,"date":"2023-09-18T13:08:09","date_gmt":"2023-09-18T06:08:09","guid":{"rendered":"https:\/\/musiadindonesia.org\/?page_id=25103"},"modified":"2024-08-01T17:02:15","modified_gmt":"2024-08-01T10:02:15","slug":"profesional-members","status":"publish","type":"page","link":"https:\/\/musiadindonesia.org\/?page_id=25103","title":{"rendered":"PROFESIONAL MEMBERS"},"content":{"rendered":"<div class=\"wpb-content-wrapper\"><p>[vc_row css=&#8221;.vc_custom_1694970687561{margin-top: -70px !important;}&#8221;][vc_column width=&#8221;2\/3&#8243;][vc_column_text]<\/p>\n<p class=\"p2\"><b>Professional Membership <\/b>is for any professionals who doesn\u2019t own their own business but employed in a company in Indonesia including engineers, lawyers, sales professionals etc.<\/p>\n<p>[\/vc_column_text][vc_column_text]<\/p>\n<table border=\"0\" cellspacing=\"0\">\n<colgroup width=\"383\"><\/colgroup>\n<colgroup span=\"2\" width=\"117\"><\/colgroup>\n<colgroup width=\"168\"><\/colgroup>\n<colgroup width=\"202\"><\/colgroup>\n<tbody>\n<tr>\n<td style=\"border: none;\" align=\"left\" valign=\"bottom\" height=\"17\"><\/td>\n<td style=\"border: 1px solid #000000;\" colspan=\"4\" align=\"center\" valign=\"bottom\" bgcolor=\"#A6A6A6\"><b>MEMBERSHIP CATEGORY<\/b><\/td>\n<\/tr>\n<tr>\n<td style=\"border-bottom: 1px solid #000000; border-right: 1px solid #000000; border-top: none; border-left: none;\" align=\"center\" valign=\"bottom\" height=\"17\"><b>\u00a0<\/b><\/td>\n<td style=\"border: 1px solid #000000;\" align=\"center\" valign=\"bottom\" bgcolor=\"#806000\"><b>Platinum<\/b><\/td>\n<td style=\"border: 1px solid #000000;\" align=\"center\" valign=\"bottom\" bgcolor=\"#FFD966\"><b>Gold<\/b><\/td>\n<td style=\"border: 1px solid #000000;\" align=\"center\" valign=\"bottom\" bgcolor=\"#FFE699\"><b>Professional <\/b><\/td>\n<td style=\"border: 1px solid #000000;\" align=\"center\" valign=\"bottom\" bgcolor=\"#FFF2CC\"><b>Young<\/b><\/td>\n<\/tr>\n<tr>\n<td style=\"border: 1px solid #000000;\" align=\"left\" valign=\"top\" bgcolor=\"#D9D9D9\" height=\"34\">Fee per Annum<br \/>\nY\u0131ll\u0131k \u00dcyelik \u00dccreti<\/td>\n<td style=\"border: 1px solid #000000;\" align=\"center\" valign=\"middle\" bgcolor=\"#D9D9D9\">IDR 20,400,000<\/td>\n<td style=\"border: 1px solid #000000;\" align=\"center\" valign=\"middle\" bgcolor=\"#D9D9D9\">IDR 10,200,000<\/td>\n<td style=\"border: 1px solid #000000;\" align=\"center\" valign=\"middle\" bgcolor=\"#D9D9D9\">IDR 5.100.000<\/td>\n<td style=\"border: 1px solid #000000;\" align=\"center\" valign=\"middle\" bgcolor=\"#D9D9D9\">IDR 2.550.000<\/td>\n<\/tr>\n<tr>\n<td style=\"border: 1px solid #000000;\" align=\"left\" valign=\"top\" bgcolor=\"#FFFFFF\" height=\"34\">Allocation of Memberships (from the same entity)<br \/>\n\u00dcyelik tahsis sayisi (ayn\u0131 firmadan)<\/td>\n<td style=\"border: 1px solid #000000;\" align=\"center\" valign=\"middle\" bgcolor=\"#FFFFFF\">3<\/td>\n<td style=\"border: 1px solid #000000;\" align=\"center\" valign=\"middle\" bgcolor=\"#FFFFFF\">1<\/td>\n<td style=\"border: 1px solid #000000;\" align=\"center\" valign=\"middle\" bgcolor=\"#FFFFFF\">1<\/td>\n<td style=\"border: 1px solid #000000;\" align=\"center\" valign=\"middle\" bgcolor=\"#FFFFFF\">1<\/td>\n<\/tr>\n<tr>\n<td style=\"border: 1px solid #000000;\" align=\"left\" valign=\"bottom\" bgcolor=\"#D9D9D9\" height=\"34\">Discounted Rates to Musiad events<br \/>\nM\u00fcsiad Etkinliklerinde Indirim<\/td>\n<td style=\"border: 1px solid #000000;\" align=\"center\" valign=\"middle\" bgcolor=\"#D9D9D9\">X<\/td>\n<td style=\"border: 1px solid #000000;\" align=\"center\" valign=\"middle\" bgcolor=\"#D9D9D9\">X<\/td>\n<td style=\"border: 1px solid #000000;\" align=\"center\" valign=\"middle\" bgcolor=\"#D9D9D9\">Y<\/td>\n<td style=\"border: 1px solid #000000;\" align=\"center\" valign=\"middle\" bgcolor=\"#D9D9D9\">Y<\/td>\n<\/tr>\n<tr>\n<td style=\"border: 1px solid #000000;\" align=\"left\" valign=\"bottom\" bgcolor=\"#FFFFFF\" height=\"34\">Invitation to VIP Events<br \/>\nVIP Etkinliklerine Davetiye<\/td>\n<td style=\"border: 1px solid #000000;\" align=\"center\" valign=\"middle\" bgcolor=\"#FFFFFF\">X<\/td>\n<td style=\"border: 1px solid #000000;\" align=\"center\" valign=\"middle\" bgcolor=\"#FFFFFF\"><\/td>\n<td style=\"border: 1px solid #000000;\" align=\"center\" valign=\"middle\" bgcolor=\"#FFFFFF\"><\/td>\n<td style=\"border: 1px solid #000000;\" align=\"center\" valign=\"middle\" bgcolor=\"#FFFFFF\"><\/td>\n<\/tr>\n<tr>\n<td style=\"border: 1px solid #000000;\" align=\"left\" valign=\"bottom\" bgcolor=\"#D9D9D9\" height=\"34\">Listing on Website Members Directory Page<br \/>\nM\u00fcsiad \u00dcye Rehberine Kayit<\/td>\n<td style=\"border: 1px solid #000000;\" align=\"center\" valign=\"middle\" bgcolor=\"#D9D9D9\">X<\/td>\n<td style=\"border: 1px solid #000000;\" align=\"center\" valign=\"middle\" bgcolor=\"#D9D9D9\">X<\/td>\n<td style=\"border: 1px solid #000000;\" align=\"center\" valign=\"middle\" bgcolor=\"#D9D9D9\"><\/td>\n<td style=\"border: 1px solid #000000;\" align=\"center\" valign=\"middle\" bgcolor=\"#D9D9D9\"><\/td>\n<\/tr>\n<tr>\n<td style=\"border: 1px solid #000000;\" align=\"left\" valign=\"bottom\" bgcolor=\"#FFFFFF\" height=\"34\">Logo on Musiad Indonesia website Homepage<br \/>\nMusiad Endonezya Ana Sayfasinda Logo Yayinlama<\/td>\n<td style=\"border: 1px solid #000000;\" align=\"center\" valign=\"middle\" bgcolor=\"#FFFFFF\">X<\/td>\n<td style=\"border: 1px solid #000000;\" align=\"center\" valign=\"middle\" bgcolor=\"#FFFFFF\"><\/td>\n<td style=\"border: 1px solid #000000;\" align=\"center\" valign=\"middle\" bgcolor=\"#FFFFFF\"><\/td>\n<td style=\"border: 1px solid #000000;\" align=\"center\" valign=\"middle\" bgcolor=\"#FFFFFF\"><\/td>\n<\/tr>\n<tr>\n<td style=\"border: 1px solid #000000;\" align=\"left\" valign=\"bottom\" bgcolor=\"#D9D9D9\" height=\"34\">Enterpreneurship Promotion for joint venture Opportunities<br \/>\nYurtdisindan gelecek pazarlama\/ortaklik tekliflerinde tanitim<\/td>\n<td style=\"border: 1px solid #000000;\" align=\"center\" valign=\"middle\" bgcolor=\"#D9D9D9\">X<\/td>\n<td style=\"border: 1px solid #000000;\" align=\"center\" valign=\"middle\" bgcolor=\"#D9D9D9\">X<\/td>\n<td style=\"border: 1px solid #000000;\" align=\"center\" valign=\"middle\" bgcolor=\"#D9D9D9\"><\/td>\n<td style=\"border: 1px solid #000000;\" align=\"center\" valign=\"middle\" bgcolor=\"#D9D9D9\"><\/td>\n<\/tr>\n<tr>\n<td style=\"border: 1px solid #000000;\" align=\"left\" valign=\"bottom\" bgcolor=\"#FFFFFF\" height=\"34\">Opportunity to Promote Events &amp; News to Musiad network<br \/>\nMusiad Endonezya Etkinlik\/Haberler bolumunde yayinlanma<\/td>\n<td style=\"border: 1px solid #000000;\" align=\"center\" valign=\"middle\" bgcolor=\"#FFFFFF\">X<\/td>\n<td style=\"border: 1px solid #000000;\" align=\"center\" valign=\"middle\" bgcolor=\"#FFFFFF\"><\/td>\n<td style=\"border: 1px solid #000000;\" align=\"center\" valign=\"middle\" bgcolor=\"#FFFFFF\"><\/td>\n<td style=\"border: 1px solid #000000;\" align=\"center\" valign=\"middle\" bgcolor=\"#FFFFFF\"><\/td>\n<\/tr>\n<tr>\n<td style=\"border: 1px solid #000000;\" align=\"left\" valign=\"bottom\" bgcolor=\"#D9D9D9\" height=\"34\">Introduction to Speakers \/ Dignitaries &amp; VIP Guests\u00a0during events<br \/>\nVIP misafir ve konusmacilarla tanisma firsati<\/td>\n<td style=\"border: 1px solid #000000;\" align=\"center\" valign=\"middle\" bgcolor=\"#D9D9D9\">X<\/td>\n<td style=\"border: 1px solid #000000;\" align=\"center\" valign=\"middle\" bgcolor=\"#D9D9D9\"><\/td>\n<td style=\"border: 1px solid #000000;\" align=\"center\" valign=\"middle\" bgcolor=\"#D9D9D9\"><\/td>\n<td style=\"border: 1px solid #000000;\" align=\"center\" valign=\"middle\" bgcolor=\"#D9D9D9\"><\/td>\n<\/tr>\n<tr>\n<td style=\"border: 1px solid #000000;\" align=\"left\" valign=\"bottom\" bgcolor=\"#FFFFFF\" height=\"51\">Special Discounts from Musiad Partners (National &amp; International)<br \/>\nDiger Musiad Uye Firmalarindan Ozel Indirimler (local &amp; uluslararasi)<\/td>\n<td style=\"border: 1px solid #000000;\" align=\"center\" valign=\"middle\" bgcolor=\"#FFFFFF\">X<\/td>\n<td style=\"border: 1px solid #000000;\" align=\"center\" valign=\"middle\" bgcolor=\"#FFFFFF\">X<\/td>\n<td style=\"border: 1px solid #000000;\" align=\"center\" valign=\"middle\" bgcolor=\"#FFFFFF\">Y<\/td>\n<td style=\"border: 1px solid #000000;\" align=\"center\" valign=\"middle\" bgcolor=\"#FFFFFF\">Y<\/td>\n<\/tr>\n<tr>\n<td style=\"border: 1px solid #000000;\" align=\"left\" valign=\"bottom\" bgcolor=\"#D9D9D9\" height=\"34\">Introduction to Members &amp; Business Matching<br \/>\nDiger uyelerle tanisma, i\u015f e\u015fle\u015ftirme<\/td>\n<td style=\"border: 1px solid #000000;\" align=\"center\" valign=\"middle\" bgcolor=\"#D9D9D9\">X<\/td>\n<td style=\"border: 1px solid #000000;\" align=\"center\" valign=\"middle\" bgcolor=\"#D9D9D9\">X<\/td>\n<td style=\"border: 1px solid #000000;\" align=\"center\" valign=\"middle\" bgcolor=\"#D9D9D9\"><\/td>\n<td style=\"border: 1px solid #000000;\" align=\"center\" valign=\"middle\" bgcolor=\"#D9D9D9\"><\/td>\n<\/tr>\n<tr>\n<td style=\"border: 1px solid #000000;\" align=\"left\" valign=\"bottom\" bgcolor=\"#FFFFFF\" height=\"34\">Access to Members Online Portal*<br \/>\nUyelere ozel online portala erisim<\/td>\n<td style=\"border: 1px solid #000000;\" align=\"center\" valign=\"middle\" bgcolor=\"#FFFFFF\">X<\/td>\n<td style=\"border: 1px solid #000000;\" align=\"center\" valign=\"middle\" bgcolor=\"#FFFFFF\">X<\/td>\n<td style=\"border: 1px solid #000000;\" align=\"center\" valign=\"middle\" bgcolor=\"#FFFFFF\">Y<\/td>\n<td style=\"border: 1px solid #000000;\" align=\"center\" valign=\"middle\" bgcolor=\"#FFFFFF\">Y<\/td>\n<\/tr>\n<tr>\n<td style=\"border: 1px solid #000000;\" align=\"left\" valign=\"bottom\" bgcolor=\"#D9D9D9\" height=\"34\">Article in Musiad Newsletter<br \/>\nMusiad Endonezya bultenine sektor ile alakali makale ekleme<\/td>\n<td style=\"border: 1px solid #000000;\" align=\"center\" valign=\"middle\" bgcolor=\"#D9D9D9\">X<\/td>\n<td style=\"border: 1px solid #000000;\" align=\"center\" valign=\"middle\" bgcolor=\"#D9D9D9\"><\/td>\n<td style=\"border: 1px solid #000000;\" align=\"center\" valign=\"middle\" bgcolor=\"#D9D9D9\"><\/td>\n<td style=\"border: 1px solid #000000;\" align=\"center\" valign=\"middle\" bgcolor=\"#D9D9D9\"><\/td>\n<\/tr>\n<\/tbody>\n<\/table>\n<p>&nbsp;<\/p>\n<table>\n<tbody>\n<tr>\n<td style=\"border: 1px solid #000000;\" align=\"left\" valign=\"bottom\" bgcolor=\"#FFE699\" height=\"17\">* Access to Members Online Portal<\/td>\n<\/tr>\n<tr>\n<td style=\"border: 1px solid #000000;\" align=\"left\" valign=\"bottom\" bgcolor=\"#F2F2F2\" height=\"17\">Commercial Intelligence<\/td>\n<\/tr>\n<tr>\n<td style=\"border: 1px solid #000000;\" align=\"left\" valign=\"bottom\" height=\"17\">Live currency exchange<\/td>\n<\/tr>\n<tr>\n<td style=\"border: 1px solid #000000;\" align=\"left\" valign=\"bottom\" height=\"17\">Members Directory<\/td>\n<\/tr>\n<tr>\n<td style=\"border: 1px solid #000000;\" align=\"left\" valign=\"bottom\" bgcolor=\"#F2F2F2\" height=\"17\">Partner &amp; MENA Region Events<\/td>\n<\/tr>\n<tr>\n<td style=\"border: 1px solid #000000;\" align=\"left\" valign=\"bottom\" height=\"17\">Member Discounts and Offers by Musiad Partners<\/td>\n<\/tr>\n<tr>\n<td style=\"border: 1px solid #000000;\" align=\"left\" valign=\"bottom\" bgcolor=\"#F2F2F2\" height=\"17\">Trade &amp; Culturer Advice &amp; Tips<\/td>\n<\/tr>\n<tr>\n<td style=\"border: 1px solid #000000;\" align=\"left\" valign=\"bottom\" height=\"17\">Tenders<\/td>\n<\/tr>\n<tr>\n<td style=\"border: 1px solid #000000;\" align=\"left\" valign=\"bottom\" bgcolor=\"#F2F2F2\" height=\"17\">Members Only Events<\/td>\n<\/tr>\n<tr>\n<td style=\"border: 1px solid #000000;\" align=\"left\" valign=\"bottom\" height=\"17\">Members &amp; Partners News<\/td>\n<\/tr>\n<\/tbody>\n<\/table>\n<p>[\/vc_column_text][\/vc_column][vc_column width=&#8221;1\/3&#8243;]<div class=\"gem-textbox \"  ><div class=\"gem-textbox-inner\" style=\"\"><div class=\"gem-textbox-content\" style=\"background-color: #f4f6f7;background-position: center top;\">[vc_custom_heading text=&#8221;MEMBERSHIP&#8221; font_container=&#8221;tag:h3|text_align:center|color:%2343525a&#8221;][vc_separator color=&#8221;custom&#8221; align=&#8221;align_left&#8221; border_width=&#8221;2&#8243; accent_color=&#8221;#b79845&#8243; css=&#8221;.vc_custom_1694970537064{margin-top: -20px !important;margin-left: -10px !important;}&#8221;][vc_single_image image=&#8221;25221&#8243; img_size=&#8221;medium&#8221; alignment=&#8221;center&#8221;][vc_column_text]<\/p>\n<p style=\"text-align: center;\">&#8220;Membership MUSIAD?&#8221; You can access the PDF file by clicking the &#8220;download&#8221; button.<\/p>\n<p>[\/vc_column_text][vc_btn title=&#8221;DOWNLOAD FORM&#8221; style=&#8221;custom&#8221; custom_background=&#8221;#43525a&#8221; custom_text=&#8221;#b79845&#8243; align=&#8221;center&#8221; i_align=&#8221;right&#8221; i_icon_fontawesome=&#8221;fas fa-arrow-down&#8221; add_icon=&#8221;true&#8221; link=&#8221;url:http%3A%2F%2Fmusiadindonesia.org%2Fwp-content%2Fuploads%2F2024%2F08%2FMEMBERSHIP_FORM_MUSIAD_INDONESIA_2.pdf|target:_blank&#8221;]<\/div><\/div><\/div>[\/vc_column][\/vc_row]<\/p>\n<\/div>","protected":false},"excerpt":{"rendered":"<p>[vc_row css=&#8221;.vc_custom_1694970687561{margin-top: -70px !important;}&#8221;][vc_column width=&#8221;2\/3&#8243;][vc_column_text] Professional Membership is for any professionals who doesn\u2019t own their own business but employed in&#8230;<\/p>\n","protected":false},"author":1,"featured_media":0,"parent":0,"menu_order":0,"comment_status":"closed","ping_status":"closed","template":"","meta":{"_monsterinsights_skip_tracking":false,"_monsterinsights_sitenote_active":false,"_monsterinsights_sitenote_note":"","_monsterinsights_sitenote_category":0,"footnotes":""},"aioseo_notices":[],"_links":{"self":[{"href":"https:\/\/musiadindonesia.org\/index.php?rest_route=\/wp\/v2\/pages\/25103"}],"collection":[{"href":"https:\/\/musiadindonesia.org\/index.php?rest_route=\/wp\/v2\/pages"}],"about":[{"href":"https:\/\/musiadindonesia.org\/index.php?rest_route=\/wp\/v2\/types\/page"}],"author":[{"embeddable":true,"href":"https:\/\/musiadindonesia.org\/index.php?rest_route=\/wp\/v2\/users\/1"}],"replies":[{"embeddable":true,"href":"https:\/\/musiadindonesia.org\/index.php?rest_route=%2Fwp%2Fv2%2Fcomments&post=25103"}],"version-history":[{"count":5,"href":"https:\/\/musiadindonesia.org\/index.php?rest_route=\/wp\/v2\/pages\/25103\/revisions"}],"predecessor-version":[{"id":26191,"href":"https:\/\/musiadindonesia.org\/index.php?rest_route=\/wp\/v2\/pages\/25103\/revisions\/26191"}],"wp:attachment":[{"href":"https:\/\/musiadindonesia.org\/index.php?rest_route=%2Fwp%2Fv2%2Fmedia&parent=25103"}],"curies":[{"name":"wp","href":"https:\/\/api.w.org\/{rel}","templated":true}]}}