{"id":513,"date":"2023-09-13T21:51:00","date_gmt":"2023-09-13T14:51:00","guid":{"rendered":"https:\/\/musiadindonesia.org\/?page_id=513"},"modified":"2023-09-21T11:52:39","modified_gmt":"2023-09-21T04:52:39","slug":"president","status":"publish","type":"page","link":"https:\/\/musiadindonesia.org\/?page_id=513","title":{"rendered":"From President"},"content":{"rendered":"<div class=\"wpb-content-wrapper\"><p>[vc_row css=&#8221;.vc_custom_1695027097722{margin-top: -100px !important;}&#8221;][vc_column width=&#8221;1\/2&#8243;][vc_row_inner][vc_column_inner width=&#8221;1\/2&#8243;][vc_column_text]<\/p>\n<h4 class=\"head__profile--name font-700\"><span style=\"color: #43525a;\">the president<\/span><br \/>\n<span style=\"color: #b79845;\">mahmut asmali<\/span><\/h4>\n<p>[\/vc_column_text][vc_separator color=&#8221;custom&#8221; align=&#8221;align_left&#8221; border_width=&#8221;2&#8243; el_width=&#8221;50&#8243; accent_color=&#8221;#b79845&#8243; css=&#8221;.vc_custom_1695026626488{margin-top: -20px !important;margin-left: -10px !important;}&#8221;][vc_column_text]FOLLOW THE PRESIDENT<\/p>\n<p><a href=\"https:\/\/www.musiad.org.tr\/en\"><img decoding=\"async\" class=\"alignnone wp-image-591\" src=\"http:\/\/musiadindonesia.org\/wp-content\/uploads\/2023\/09\/Facebook-300x300.png\" alt=\"\" width=\"32\" height=\"32\" srcset=\"https:\/\/musiadindonesia.org\/wp-content\/uploads\/2023\/09\/Facebook-300x300.png 300w, https:\/\/musiadindonesia.org\/wp-content\/uploads\/2023\/09\/Facebook-150x150.png 150w, https:\/\/musiadindonesia.org\/wp-content\/uploads\/2023\/09\/Facebook-20x20.png 20w, https:\/\/musiadindonesia.org\/wp-content\/uploads\/2023\/09\/Facebook-385x385.png 385w, https:\/\/musiadindonesia.org\/wp-content\/uploads\/2023\/09\/Facebook-400x400.png 400w, https:\/\/musiadindonesia.org\/wp-content\/uploads\/2023\/09\/Facebook.png 534w\" sizes=\"(max-width: 32px) 100vw, 32px\" \/><\/a> <a href=\"https:\/\/twitter.com\/CahitErtemel\"><img decoding=\"async\" class=\"alignnone wp-image-594\" src=\"http:\/\/musiadindonesia.org\/wp-content\/uploads\/2023\/09\/Twitter-300x300.png\" alt=\"\" width=\"32\" height=\"32\" srcset=\"https:\/\/musiadindonesia.org\/wp-content\/uploads\/2023\/09\/Twitter-300x300.png 300w, https:\/\/musiadindonesia.org\/wp-content\/uploads\/2023\/09\/Twitter-150x150.png 150w, https:\/\/musiadindonesia.org\/wp-content\/uploads\/2023\/09\/Twitter-20x20.png 20w, https:\/\/musiadindonesia.org\/wp-content\/uploads\/2023\/09\/Twitter-385x385.png 385w, https:\/\/musiadindonesia.org\/wp-content\/uploads\/2023\/09\/Twitter-400x400.png 400w, https:\/\/musiadindonesia.org\/wp-content\/uploads\/2023\/09\/Twitter.png 534w\" sizes=\"(max-width: 32px) 100vw, 32px\" \/> <\/a><a href=\"https:\/\/www.musiad.org.tr\/en\"><img decoding=\"async\" class=\"alignnone wp-image-595\" src=\"http:\/\/musiadindonesia.org\/wp-content\/uploads\/2023\/09\/Instagram-300x300.png\" alt=\"\" width=\"32\" height=\"32\" srcset=\"https:\/\/musiadindonesia.org\/wp-content\/uploads\/2023\/09\/Instagram-300x300.png 300w, https:\/\/musiadindonesia.org\/wp-content\/uploads\/2023\/09\/Instagram-150x150.png 150w, https:\/\/musiadindonesia.org\/wp-content\/uploads\/2023\/09\/Instagram-20x20.png 20w, https:\/\/musiadindonesia.org\/wp-content\/uploads\/2023\/09\/Instagram-385x385.png 385w, https:\/\/musiadindonesia.org\/wp-content\/uploads\/2023\/09\/Instagram-400x400.png 400w, https:\/\/musiadindonesia.org\/wp-content\/uploads\/2023\/09\/Instagram.png 534w\" sizes=\"(max-width: 32px) 100vw, 32px\" \/><\/a>[\/vc_column_text][\/vc_column_inner][vc_column_inner width=&#8221;1\/2&#8243;][vc_single_image image=&#8221;463&#8243; img_size=&#8221;full&#8221;][\/vc_column_inner][\/vc_row_inner][\/vc_column][vc_column width=&#8221;1\/2&#8243;]<div class=\"gem-textbox \"  ><div class=\"gem-textbox-inner\" style=\"\"><div class=\"gem-textbox-content\" style=\"background-color: #f4f6f7;background-position: center top;\">[vc_column_text]<\/p>\n<p style=\"text-align: left;\">Born in 1967 in Pazar\/Rize, Mahmut Asmal\u0131 completed his primary, secondary, and high school education in Istanbul, and his university studies in the Civil Engineering Department of Karadeniz Technical University in 1989. He began his career as a Site Manager, and he took office as Assistant General Manager in the private sector after putting his signature under many successful projects between the years 1989 and 1998.<\/p>\n<p>[\/vc_column_text]<\/div><\/div><\/div>[\/vc_column][\/vc_row][vc_row][vc_column width=&#8221;1\/2&#8243;][vc_tta_tabs style=&#8221;outline&#8221; active_section=&#8221;1&#8243; no_fill_content_area=&#8221;true&#8221;][vc_tta_section title=&#8221;PROFILE&#8221; tab_id=&#8221;1695027187864-358a76bb-0e23&#8243;][vc_row_inner][vc_column_inner]<div class=\"gem-textbox \"  ><div class=\"gem-textbox-inner\" style=\"\"><div class=\"gem-textbox-content\" style=\"background-color: #f4f6f7;background-position: center top;\">[vc_column_text]Mahmut Asmal\u0131 was born in 1967 in Pazar district of Rize.<\/p>\n<p>Asmal\u0131 completed his primary, secondary and high school education in Istanbul and his university education in 1989 at Karadeniz Technical University, Department of Civil Engineering. He started many successful projects in his professional life, which he started as a Field Engineer. With these successes, Asmal\u0131 became the Assistant General Manager in a short time in his career in the private sector.<\/p>\n<p>He left the company he worked for in 1998 and founded Akyap\u0131 \u0130n\u015faat with an engineer friend. For more than 20 years, he has carried out projects in all areas of the construction industry, from factories to qualified residences, from villa constructions to industrial sites and shopping centers, from hospitals to schools.<\/p>\n<p>Mahmut Asmal\u0131 also, apart from the construction sector, in the country; automotive and tourism companies carry out activities in the fields of foreign trade operating in the chemical sector. Asmal\u0131 continues its PVC production in Doha, the capital of Qatar, and its construction activities in Frankfurt, Germany.<\/p>\n<p>Asmal\u0131 was awarded the Entrepreneur of the Year award by the Turkish Economic and Business Ethics Association (\u0130GIAD) in 2009 for her successful work.<\/p>\n<p>Taking an active role in Non-Governmental Organizations, Asmal\u0131 is a member of the Entrepreneurial Businessmen Foundation (G\u0130V), the Board of Trustees, IGIAD and the Istanbul Chamber of Civil Engineers (IMO).<\/p>\n<p>Asmal\u0131 carries out social responsibility activities as the Founding Vice Chairman of the AKYUVA Foundation, which carries out activities for orphaned children and disadvantaged families.<\/p>\n<p>Mahmut Asmal\u0131 has been a member of the MUSIAD family for many years and has served at many different levels.<\/p>\n<p>Asmal\u0131 served as the Chairman of the Construction Sector Board at MUSIAD, a Member of the Board of Directors of MUSIAD, the Deputy Chairman of MUSIAD and the President of the MUSIAD Karz-\u0131 Hasen Fund.<\/p>\n<p>Asmal\u0131 was elected as the President at the 26th Ordinary General Assembly of MUSIAD held in September 2021.<\/p>\n<p>Mahmut Asmal\u0131 is married and has 5 children.[\/vc_column_text]<\/div><\/div><\/div>[\/vc_column_inner][\/vc_row_inner][\/vc_tta_section][vc_tta_section title=&#8221;SPEECH TEXT&#8221; tab_id=&#8221;1695027187882-15d2a4fb-83ef&#8221;][vc_row_inner][vc_column_inner]<div class=\"gem-table gem-table-responsive gem-table-style-1\"><table style=\"width: 100%;\">\n<tbody style=\"rules: rows;\">\n<tr>\n<td><a href=\"https:\/\/www.musiad.org.tr\/uploads\/post-1091\/ma-26-olagan-genel-kurulu-konusma-metni-11092021.docx\"><img decoding=\"async\" class=\"alignnone size-full wp-image-25255\" src=\"http:\/\/musiadindonesia.org\/wp-content\/uploads\/2023\/09\/pdf.png\" alt=\"\" width=\"24\" height=\"24\" \/>\u00a0 13.09.2021<\/a><\/td>\n<\/tr>\n<tr>\n<td><a href=\"https:\/\/www.musiad.org.tr\/uploads\/konusmalar\/ak-enerji-bulusmasi-webinar-konusma-metni-26-mayis-2021.docx\"><img decoding=\"async\" class=\"alignnone size-full wp-image-25255\" src=\"http:\/\/musiadindonesia.org\/wp-content\/uploads\/2023\/09\/pdf.png\" alt=\"\" width=\"24\" height=\"24\" \/>\u00a0 27.05.2021<\/a><\/td>\n<\/tr>\n<tr>\n<td><a href=\"https:\/\/www.musiad.org.tr\/uploads\/baskan\/konusmalar\/ak-hitam-konusmasi-09042021.pdf\"><img decoding=\"async\" class=\"alignnone size-full wp-image-25255\" src=\"http:\/\/musiadindonesia.org\/wp-content\/uploads\/2023\/09\/pdf.png\" alt=\"\" width=\"24\" height=\"24\" \/>\u00a0 09.04.2021<\/a><\/td>\n<\/tr>\n<\/tbody>\n<\/table>\n<\/div>[\/vc_column_inner][\/vc_row_inner][\/vc_tta_section][\/vc_tta_tabs][\/vc_column][vc_column width=&#8221;1\/2&#8243;][vc_custom_heading text=&#8221;CONTACT MUSIAD INDONESIA&#8221; font_container=&#8221;tag:h3|text_align:left|color:%23b79845&#8243;][vc_separator color=&#8221;custom&#8221; align=&#8221;align_left&#8221; border_width=&#8221;2&#8243; accent_color=&#8221;#b79845&#8243; css=&#8221;.vc_custom_1695027637425{margin-top: -30px !important;margin-left: -10px !important;}&#8221;]\n<div class=\"wpcf7 no-js\" id=\"wpcf7-f14-o1\" lang=\"en-GB\" dir=\"ltr\">\n<div class=\"screen-reader-response\"><p role=\"status\" aria-live=\"polite\" aria-atomic=\"true\"><\/p> <ul><\/ul><\/div>\n<form action=\"\/index.php?rest_route=%2Fwp%2Fv2%2Fpages%2F513#wpcf7-f14-o1\" method=\"post\" class=\"wpcf7-form init\" aria-label=\"Contact form\" novalidate=\"novalidate\" data-status=\"init\">\n<div style=\"display: none;\">\n<input type=\"hidden\" name=\"_wpcf7\" value=\"14\" \/>\n<input type=\"hidden\" name=\"_wpcf7_version\" value=\"5.8.3\" \/>\n<input type=\"hidden\" name=\"_wpcf7_locale\" value=\"en_GB\" \/>\n<input type=\"hidden\" name=\"_wpcf7_unit_tag\" value=\"wpcf7-f14-o1\" \/>\n<input type=\"hidden\" name=\"_wpcf7_container_post\" value=\"0\" \/>\n<input type=\"hidden\" name=\"_wpcf7_posted_data_hash\" value=\"\" \/>\n<\/div>\n<label> Your name\n    <span class=\"wpcf7-form-control-wrap\" data-name=\"your-name\"><input size=\"40\" class=\"wpcf7-form-control wpcf7-text wpcf7-validates-as-required\" autocomplete=\"name\" aria-required=\"true\" aria-invalid=\"false\" value=\"\" type=\"text\" name=\"your-name\" \/><\/span> <\/label>\n\n<label> Your email\n    <span class=\"wpcf7-form-control-wrap\" data-name=\"your-email\"><input size=\"40\" class=\"wpcf7-form-control wpcf7-email wpcf7-validates-as-required wpcf7-text wpcf7-validates-as-email\" autocomplete=\"email\" aria-required=\"true\" aria-invalid=\"false\" value=\"\" type=\"email\" name=\"your-email\" \/><\/span> <\/label>\n\n<label> Subject\n    <span class=\"wpcf7-form-control-wrap\" data-name=\"your-subject\"><input size=\"40\" class=\"wpcf7-form-control wpcf7-text wpcf7-validates-as-required\" aria-required=\"true\" aria-invalid=\"false\" value=\"\" type=\"text\" name=\"your-subject\" \/><\/span> <\/label>\n\n<label> Your message (optional)\n    <span class=\"wpcf7-form-control-wrap\" data-name=\"your-message\"><textarea cols=\"40\" rows=\"10\" class=\"wpcf7-form-control wpcf7-textarea\" aria-invalid=\"false\" name=\"your-message\"><\/textarea><\/span> <\/label>\n\n<input class=\"wpcf7-form-control wpcf7-submit has-spinner\" type=\"submit\" value=\"Submit\" \/><p style=\"display: none !important;\"><label>&#916;<textarea name=\"_wpcf7_ak_hp_textarea\" cols=\"45\" rows=\"8\" maxlength=\"100\"><\/textarea><\/label><input type=\"hidden\" id=\"ak_js_1\" name=\"_wpcf7_ak_js\" value=\"118\"\/><script>document.getElementById( \"ak_js_1\" ).setAttribute( \"value\", ( new Date() ).getTime() );<\/script><\/p><input type='hidden' class='wpcf7-pum' value='{\"closepopup\":false,\"closedelay\":0,\"openpopup\":false,\"openpopup_id\":0}' \/><div class=\"wpcf7-response-output\" aria-hidden=\"true\"><\/div>\n<\/form>\n<\/div>\n[\/vc_column][\/vc_row]<\/p>\n<\/div>","protected":false},"excerpt":{"rendered":"<p>[vc_row css=&#8221;.vc_custom_1695027097722{margin-top: -100px !important;}&#8221;][vc_column width=&#8221;1\/2&#8243;][vc_row_inner][vc_column_inner width=&#8221;1\/2&#8243;][vc_column_text] the president mahmut asmali [\/vc_column_text][vc_separator color=&#8221;custom&#8221; align=&#8221;align_left&#8221; border_width=&#8221;2&#8243; el_width=&#8221;50&#8243; accent_color=&#8221;#b79845&#8243; css=&#8221;.vc_custom_1695026626488{margin-top: -20px !important;margin-left: -10px&#8230;<\/p>\n","protected":false},"author":1,"featured_media":0,"parent":0,"menu_order":0,"comment_status":"closed","ping_status":"closed","template":"","meta":{"_monsterinsights_skip_tracking":false,"_monsterinsights_sitenote_active":false,"_monsterinsights_sitenote_note":"","_monsterinsights_sitenote_category":0,"footnotes":""},"aioseo_notices":[],"_links":{"self":[{"href":"https:\/\/musiadindonesia.org\/index.php?rest_route=\/wp\/v2\/pages\/513"}],"collection":[{"href":"https:\/\/musiadindonesia.org\/index.php?rest_route=\/wp\/v2\/pages"}],"about":[{"href":"https:\/\/musiadindonesia.org\/index.php?rest_route=\/wp\/v2\/types\/page"}],"author":[{"embeddable":true,"href":"https:\/\/musiadindonesia.org\/index.php?rest_route=\/wp\/v2\/users\/1"}],"replies":[{"embeddable":true,"href":"https:\/\/musiadindonesia.org\/index.php?rest_route=%2Fwp%2Fv2%2Fcomments&post=513"}],"version-history":[{"count":12,"href":"https:\/\/musiadindonesia.org\/index.php?rest_route=\/wp\/v2\/pages\/513\/revisions"}],"predecessor-version":[{"id":606,"href":"https:\/\/musiadindonesia.org\/index.php?rest_route=\/wp\/v2\/pages\/513\/revisions\/606"}],"wp:attachment":[{"href":"https:\/\/musiadindonesia.org\/index.php?rest_route=%2Fwp%2Fv2%2Fmedia&parent=513"}],"curies":[{"name":"wp","href":"https:\/\/api.w.org\/{rel}","templated":true}]}}